{"id":6,"date":"2011-04-12T09:12:43","date_gmt":"2011-04-12T09:12:43","guid":{"rendered":"http:\/\/www.helenelindner.at\/?page_id=6"},"modified":"2019-06-23T21:06:46","modified_gmt":"2019-06-23T21:06:46","slug":"recent-activities","status":"publish","type":"page","link":"https:\/\/www.helenekletzl.at\/?page_id=6","title":{"rendered":"Projekte | Veranstaltungen"},"content":{"rendered":"<h3>Appetit auf die Welt<\/h3>\n<h4>2016 | Das Kochbuch anl\u00e4sslich 20 Jahre VSG<\/h4>\n<p>Das Jahr 2016 stand in der Grafikwerkstatt der Produktionsschule FACTORY | WORK.BOX im Zeichen eines besonderen Kochbuches.<\/p>\n<p>Die tolle Idee kam von VSG MOVE &#8211; die Kinder- und Jugendhilfe. Dort kochen seit 2016 AsylwerberInnen f\u00fcr den sozialp\u00e4dagogischen Mittagstisch. Dadurch k\u00f6nnen&nbsp;Kinder- Jugendliche und junge M\u00fctter gemeinsam mit den Sozialp\u00e4dagogInnen 2-3 mal in der Woche frische, internationale Gerichte an einem sch\u00f6n gedeckten Tisch genie\u00dfen und gest\u00e4rkt in den Nachmittag gehen.&nbsp;<\/p>\n<p>So entstand die Idee die Speisen zu sammeln und in einem Kochbuch zu vereinen. Im Rahmen einer einj\u00e4hrigen Kooperation&nbsp;von MOVE und FACTORY | WORK.BOX entstand ein einzigartiges Buch mit 79 Rezepten aus 28 L\u00e4ndern von 4 Kontinenten. Die Jugendlichen der Grafikwerkstatt in der FACTORY | WORK.BOX erstellten das gesamte Layout, machten und bearbeiteten die Fotos, zeichneten die Icons und verarbeiteten diese weiter und pflegten in vielen Zyklen die Korrekturen ein.&nbsp;<\/p>\n<p>Ich bin sehr stolz auf die Jugendlichen, die mit sehr viel Einsatz und Engagement an diesen besonderen Produkt arbeiteten. Das Kochbuch kann unter kochbuch@vsg.or.at zum Preis von \u20ac 18,00 gekauft werden. <span style=\"text-decoration: underline;\"><a href=\"https:\/\/www.youtube.com\/watch?v=3boprNxPKVk\">Hier<\/a><\/span>&nbsp;gibt&#8217;s einen Vorgeschmack.&nbsp;<\/p>\n<p>&nbsp;<\/p>\n<h3>Vortrag \u00fcber Kenia<\/h3>\n<h4>21. 10. 2012 | 09:00 und 19:00 | Pfarrkirche Pregarten<\/h4>\n<p>Im Rahmen der Messe zum Sonntag der Weltkirche wird es am Sonntag in der Vormittags- und Abendmesse einen Vortag \u00fcber Kenia und Daraja geben.<\/p>\n<p>&nbsp;<\/p>\n<h3>Obroni! Auflehnung und Vers\u00f6hnung<\/h3>\n<h4>Vernissage | 13. Oktober 2012 | 19:00 |&nbsp;<a title=\"La Boheme\" href=\"http:\/\/www.laboheme-linz.at\/\" target=\"_blank\" rel=\"noopener noreferrer\">La Boh\u00e8me<\/a>, Linz<\/h4>\n<p>Veranstalter: Franziska F\u00fcchsl, Helene Lindner, Ralf Mayrhofer, Paul Wilfing<\/p>\n<p>Es war ein gelungener Abend mit zahlreichen G\u00e4sten, leckerem Buffet und einer tollen Einlage von Klecatsky and Band. Durch freiwillige Spenden und den Verkauf der Bilder konnten 1000 \u20ac f\u00fcr den Ausbau der Bright Star International Primary School gesammelt werden. DANKE an alle, die dabei waren!<\/p>\n<p>Projekt&nbsp;<a title=\"Chance for Ghana\" href=\"http:\/\/www.chanceforghana.at.tf\/\" target=\"_blank\" rel=\"noopener noreferrer\">Chance for Ghana<\/a><\/p>\n<p>&nbsp;<\/p>\n<h3>Ute Bock am FH &#8211; Campus Linz<\/h3>\n<h4>19. April 2012 | 19:00 |&nbsp;HS1 der FH-Linz<\/h4>\n<p>Ute Bock war bei uns an der FH Linz zu Gast f\u00fcr eine Diskussionsrunde mit Mag. Christian Cakl von SOS-Menschenrechte \u00d6sterreich und Mag. Ekler Gerecek von der Volkshilfe O\u00d6. Geleitet wurde die Diskussion vom Studiengagnsleiter des Master Interkulturelle Sozialarbeit Prof. Dr. Christian Stark.&nbsp;Als Einstimmung wurde der Film \u201cDie verr\u00fcckte Welt der Ute Bock\u201d gezeigt.<\/p>\n<p>Die zahlreichen Besucher, der gro\u00dfartige Film, das interessante Gespr\u00e4ch und das k\u00f6stliche Buffet machten den Abend zu einem vollen Erfolg. Wir konnten Frau Bock am Ende eine stattliche Summe an Spenden \u00fcbergeben.<\/p>\n<p>Fotos des Abends gibts auf: <a title=\"Earlier.at\" href=\"http:\/\/www.earlier.at\/News\/2012\/4\/20\/ute-bock---fh-linz\/\" target=\"_blank\" rel=\"noopener noreferrer\">earlier.at<\/a><\/p>\n<p>&nbsp;<\/p>\n<h3>Zwei Unterrichtsstunden im Zeichen Kenias<\/h3>\n<h4>Freitag, 27. Mai 2012 | St. Oswald bei Freistadt<\/h4>\n<p>Paul und ich konnten zwei Unterrichtsstunden \u00fcber unser Praktikum bei Mt. Zion in Kenia halten. Die Sch\u00fcler hatten der <em>KWAKYAMBO Aids Support Group<\/em> in Emali durch eine Spenden-Sammelaktion Wasserrohre f\u00fcr ihre Tomaten-Plantage finanziert. Wir erz\u00e4hlten den Sch\u00fclern im Laufe der Einheiten, was mit ihrem Geld genau gekauft wurde und wie sie die Menschen dadurch unterst\u00fctzen. Danke nochmal f\u00fcr die gro\u00dfz\u00fcgige Spende! Der Unterricht war durch das Interesse und die vielen Fragen der Sch\u00fclerInnen sehr spannend f\u00fcr alle Beteiligten.<\/p>\n<p><a href=\"http:\/\/schulen.eduhi.at\/hs.st.oswald\/\">HS St. Oswald\/Freistadt<\/a><\/p>\n<p>&nbsp;<\/p>\n<h3>Ein Abend im Zeichen Afrikas<\/h3>\n<h4>3. Mai 2010 | Pfarrsaal der <a title=\"Pfarre Pregarten\" href=\"http:\/\/www.dioezese-linz.at\/pfarren\/pregarten\/\" target=\"_blank\" rel=\"noopener noreferrer\">Pfarre Pregarten<\/a><\/h4>\n<p>Jana Waldh\u00f6r, die in Ghana als Lehrerin arbeitete, Dr. Hinterreiter, der ein Krankenhaus in Uganda aufmachten und ich hielten einen Vortrag \u00fcber unsere Erfahrungen und Erlebnisse w\u00e4hrend unserer Zeit in Afrika. Ein Drittel der Spenden der Besucher kamen <a title=\"Daraja\" href=\"http:\/\/www.daraja.at\/cms\/\" target=\"_blank\" rel=\"noopener noreferrer\">Daraja<\/a> zu Gute. Danke an alle, die uns unterst\u00fctz haben und danke an August Aichhorn, der diese Veranstaltung organisiert hat.<\/p>\n<p>&nbsp;<\/p>\n<h3>Buchpr\u00e4sentation <a title=\"Christine Stangl\" href=\"http:\/\/www.christinestangl.at\" target=\"_blank\" rel=\"noopener noreferrer\">Christine Stangl<\/a><\/h3>\n<h4>Galerie <a title=\"Koni Oberhauser\" href=\"http:\/\/koni-oberhauser.at\/\" target=\"_blank\" rel=\"noopener noreferrer\">KONI<\/a><\/h4>\n<p>Endlich konnten wir unsere Arbeit der letzten Monate vorstellen: Ein Buch der gesammelten Werke von Christine der Jahre 2000 &#8211; 2010. Das Buch enth\u00e4lt neben Bilder der Werke auch Texte einer Kunsthistorikerin, die die Plastiken, Gem\u00e4lde und deren Stil beschreiben.<\/p>\n","protected":false},"excerpt":{"rendered":"<p>Appetit auf die Welt 2016 | Das Kochbuch anl\u00e4sslich 20 Jahre VSG Das Jahr 2016 stand in der Grafikwerkstatt der Produktionsschule FACTORY | WORK.BOX im Zeichen eines besonderen Kochbuches. Die tolle Idee kam von VSG MOVE &#8211; die Kinder- und Jugendhilfe. Dort kochen seit 2016 AsylwerberInnen f\u00fcr den sozialp\u00e4dagogischen Mittagstisch. &hellip; <a href=\"https:\/\/www.helenekletzl.at\/?page_id=6\">Continue reading <span class=\"meta-nav\">&rarr;<\/span><\/a><\/p>\n","protected":false},"author":1,"featured_media":0,"parent":0,"menu_order":0,"comment_status":"closed","ping_status":"closed","template":"","meta":{"ngg_post_thumbnail":0},"_links":{"self":[{"href":"https:\/\/www.helenekletzl.at\/index.php?rest_route=\/wp\/v2\/pages\/6"}],"collection":[{"href":"https:\/\/www.helenekletzl.at\/index.php?rest_route=\/wp\/v2\/pages"}],"about":[{"href":"https:\/\/www.helenekletzl.at\/index.php?rest_route=\/wp\/v2\/types\/page"}],"author":[{"embeddable":true,"href":"https:\/\/www.helenekletzl.at\/index.php?rest_route=\/wp\/v2\/users\/1"}],"replies":[{"embeddable":true,"href":"https:\/\/www.helenekletzl.at\/index.php?rest_route=%2Fwp%2Fv2%2Fcomments&post=6"}],"version-history":[{"count":53,"href":"https:\/\/www.helenekletzl.at\/index.php?rest_route=\/wp\/v2\/pages\/6\/revisions"}],"predecessor-version":[{"id":686,"href":"https:\/\/www.helenekletzl.at\/index.php?rest_route=\/wp\/v2\/pages\/6\/revisions\/686"}],"wp:attachment":[{"href":"https:\/\/www.helenekletzl.at\/index.php?rest_route=%2Fwp%2Fv2%2Fmedia&parent=6"}],"curies":[{"name":"wp","href":"https:\/\/api.w.org\/{rel}","templated":true}]}}