{"id":287,"date":"2012-11-29T15:15:36","date_gmt":"2012-11-29T15:15:36","guid":{"rendered":"http:\/\/www.helenelindner.at\/?page_id=287"},"modified":"2019-06-23T20:52:57","modified_gmt":"2019-06-23T20:52:57","slug":"downloads-2","status":"publish","type":"page","link":"https:\/\/www.helenekletzl.at\/?page_id=287","title":{"rendered":"\u00dcber mich"},"content":{"rendered":"<h3>Kurzlebenslauf<\/h3>\n<p>Helene Kletzl, geboren am 29. 6. 1987 in Linz.<\/p>\n<p>seit 2018: Lehrt\u00e4tigkeit an der FH O\u00d6, Campus Linz, Studiengang Soziale Arbeit<br \/>\nseit 2017: Beraterin bei Zoe &#8211; Beratung rund um Schwangerschaft und Geburt<br \/>\nseit 2016: Ehe- Familien- und Lebensberaterin bei beziehung.leben<br \/>\nseit 2015: Coach in der Grafikwerkstatt |&nbsp;VSG Produktionsschule&nbsp;FACTORY | WORK.BOX<br \/>\n2013\/2014: Betreuerin f\u00fcr soziale Zielgruppen bei VSG MOVE<br \/>\n2013\/2014: Menschenrechtstrainerin im Projekt \u201estand-up\u201c von SOS Menschenrechte.<br \/>\nseit 2009 selbstst\u00e4ndig im Bereich Grafik &amp; Layout &#8211; Konzeption und Umsetzung von Logos, Druckmaterialien und Webseiten.<\/p>\n<p><strong>SOZIALES ENGAGEMENT<\/strong><br \/>\n2011-2019 ehrenamtliches Vorstandsmitglied im Verein \u201eDaraja- Die Br\u00fccke\u201c (Verein zur Unterst\u00fctzung HIV-positiver Menschen in Emali\/Kenia) im Bereich Grafik, \u00d6ffentlichkeitsarbeit und Schriftf\u00fchrung, seit 2016 stellvertretende Obfrau<br \/>\n2012 Volontariat in der Bright Star International Primary School in Ghana.<\/p>\n<p><strong>PRAKTIKA<\/strong><br \/>\n2012 Praktikum bei VSG WOMAN (die Frauenberatung) und VSG ULF (Unabh\u00e4ngiges LandesFreiwilligenzentrum).<br \/>\n2011 Auslandspraktikum bei Mt. Zion CBO in Emali (Kenia).<br \/>\n2008 Auslandspraktikum bei videoplugger Ltd. in London (UK).<\/p>\n<p><strong>AUSBILDUNGEN<br \/>\n<\/strong>2017 Abschluss des Masters f\u00fcr Psychosoziale Beratung der FH-Linz &amp; Beziehung.Leben<br \/>\n2016 gepr\u00fcftes Therapieteam mit H\u00fcndin&nbsp;Zola im Verein Humanis et Canis &#8211; Bef\u00e4higung zur Durchf\u00fchrung tiergest\u00fctzter Aktivit\u00e4ten mit Kindern\/Jugendlichen, Menschen mit Behinderung und SeniorInnen.<br \/>\n2016&nbsp;Abschluss&nbsp;des Akad. Lehrgangs \u201ePartner- Ehe- Familien und Lebensberatung&#8220; der FH-Linz &amp; beziehung.leben.<br \/>\n2013 Abschluss des Bachelorstudiums \u201eSoziale Arbeit\u201c an der FH Linz.<br \/>\n2011 Abschluss des Masterstudiums \u201eInformationengineering und Management&#8220; an der FH Hagenberg.<br \/>\n2009 Abschluss des Bachelorstudiums \u201eKommunikation, Wissen, Medien\u201c an der FH Hagenberg.<br \/>\n2006 Matura an der HGBLA Lentia f\u00fcr Produktmanagement.<\/p>\n","protected":false},"excerpt":{"rendered":"<p>Kurzlebenslauf Helene Kletzl, geboren am 29. 6. 1987 in Linz. seit 2018: Lehrt\u00e4tigkeit an der FH O\u00d6, Campus Linz, Studiengang Soziale Arbeit seit 2017: Beraterin bei Zoe &#8211; Beratung rund um Schwangerschaft und Geburt seit 2016: Ehe- Familien- und Lebensberaterin bei beziehung.leben seit 2015: Coach in der Grafikwerkstatt |&nbsp;VSG Produktionsschule&nbsp;FACTORY &hellip; <a href=\"https:\/\/www.helenekletzl.at\/?page_id=287\">Continue reading <span class=\"meta-nav\">&rarr;<\/span><\/a><\/p>\n","protected":false},"author":1,"featured_media":546,"parent":0,"menu_order":0,"comment_status":"closed","ping_status":"closed","template":"","meta":{"ngg_post_thumbnail":0},"_links":{"self":[{"href":"https:\/\/www.helenekletzl.at\/index.php?rest_route=\/wp\/v2\/pages\/287"}],"collection":[{"href":"https:\/\/www.helenekletzl.at\/index.php?rest_route=\/wp\/v2\/pages"}],"about":[{"href":"https:\/\/www.helenekletzl.at\/index.php?rest_route=\/wp\/v2\/types\/page"}],"author":[{"embeddable":true,"href":"https:\/\/www.helenekletzl.at\/index.php?rest_route=\/wp\/v2\/users\/1"}],"replies":[{"embeddable":true,"href":"https:\/\/www.helenekletzl.at\/index.php?rest_route=%2Fwp%2Fv2%2Fcomments&post=287"}],"version-history":[{"count":28,"href":"https:\/\/www.helenekletzl.at\/index.php?rest_route=\/wp\/v2\/pages\/287\/revisions"}],"predecessor-version":[{"id":683,"href":"https:\/\/www.helenekletzl.at\/index.php?rest_route=\/wp\/v2\/pages\/287\/revisions\/683"}],"wp:featuredmedia":[{"embeddable":true,"href":"https:\/\/www.helenekletzl.at\/index.php?rest_route=\/wp\/v2\/media\/546"}],"wp:attachment":[{"href":"https:\/\/www.helenekletzl.at\/index.php?rest_route=%2Fwp%2Fv2%2Fmedia&parent=287"}],"curies":[{"name":"wp","href":"https:\/\/api.w.org\/{rel}","templated":true}]}}