{"id":191,"date":"2012-08-31T15:39:23","date_gmt":"2012-08-31T15:39:23","guid":{"rendered":"http:\/\/www.helenelindner.at\/?page_id=191"},"modified":"2016-11-02T20:19:08","modified_gmt":"2016-11-02T20:19:08","slug":"coming-up","status":"publish","type":"page","link":"https:\/\/www.helenekletzl.at\/?page_id=191","title":{"rendered":"Daraja"},"content":{"rendered":"<p><a title=\"Daraja\" href=\"http:\/\/www.daraja.at\">Daraja &#8211; Die Br\u00fccke<\/a> ist ein unabh\u00e4ngiger, gemeinn\u00fctziger und ehrenamtlich t\u00e4tiger Verein, der sich aus einer StudentInnengruppe der Fachhochschule Linz f\u00fcr Soziale Arbeit entwickelt hat.Seit 2011 bin ich im Vereinsvorstand als Grafikerin in der \u00d6ffentlichkeitsarbeit t\u00e4tig.<\/p>\n<p>Da sich unser Verein zu einem bedeutenden&nbsp;Teil \u00fcber Spenden finanziert ist eine wirksame \u00d6ffentlichkeit f\u00fcr uns sehr wichtig. Als Grafikerin lege ich daher gro\u00dfen Wert auf ansprechende&nbsp;\u00f6ffentlichkeistswirksame Materialien. Einige Beispiele daf\u00fcr k\u00f6nnen Sie <a title=\"hier\" href=\"http:\/\/www.helenelindner.at\/?p=446\">hier<\/a> sehen.<\/p>\n<p>Ebenso z\u00e4hlen verschiedenste Veranstaltungen zu einer wichtigen Einnahmequelle f\u00fcr unseren Verein. Unten stehend finden Sie&nbsp;ein Auszug unserer Aktivit\u00e4ten der letzen Jahre:<\/p>\n<h3>TRASH-TEST-DUMMIES 2016<\/h3>\n<h4>Fr. 14.10.2016 &nbsp;| ab 22 Uhr | Stadtwerkstatt, Linz<\/h4>\n<p>Ein Solibash der besonderen Art! Wir warfen uns in unsere fetzigsten 80s\/90s Outfits und fr\u00f6hnten gemeinsam der Musik unserer Jugend. TrashDance, TrashDrinks, TrashMusic, TrashDeco, TrashOutfits.&nbsp;Es war ein wundervoller Abend!&nbsp;DeeJay SkilliVanilli&nbsp;und unsere Gast-DJs vom Jesolo-Project heizten in der prall gef\u00fcllten Stadtwerkstatt&nbsp;ordentlich ein. Die Party war ein voller Erfolg: denn es wurden&nbsp;ca. 2000 \u20ac an Spenden eingenommen, die direkt HIV-positiven Menschen in Emali\/Kenia zu Gute kommen.&nbsp;<\/p>\n<h3>SOLIBASH 2013<\/h3>\n<h4>Sa, 7.9.2013 |&nbsp;ab 21 Uhr | JUZ Malaria, Tragwein<\/h4>\n<p>line up:gama g &#8211; nomurai &#8211; chanda ngoi &#8211; aiko &#8211; obi dan &#8211; ziohm &#8211; mr.white<br \/>\nNO BASS NO FUN &#8211; DELICIOUZ CREW &#8211; BREAKIN`BEATZ &#8211; IRIESENSATION<br \/>\nHIP HOP &#8211; BREAKZ &#8211; REGGAE &#8211; DUBSTEP &#8211; DNB<br \/>\n5 \u20ac UKB (alle Einnahmen werden gespendet!!!)<\/p>\n<p>&nbsp;<\/p>\n<h3>Punschstand 2012<\/h3>\n<h4>14. Dezember 2012 | ab 11:00 | vor der FH Linz<\/h4>\n<p>Der Tag war genauso gem\u00fctlich wie erhofft &#8211; das Wetter spielte mit und viele G\u00e4ste beehrten uns. Sowohl StudentInnen als auch ProfessorInnen und andere G\u00e4ste genossen unseren k\u00f6stlichen Punsch,&nbsp;Mittagessen&nbsp;(Chili und Veganer Eintopf),&nbsp;Tee und Kaffee.&nbsp;Der Reinerl\u00f6s ging wie immer an HIV-positive Menschen in Emali\/Kenia<\/p>\n<p>&nbsp;<\/p>\n<h3>SOLIBASH 2012<\/h3>\n<h4>16. 11. 2012, 21:00, Stadtwerkstatt<\/h4>\n<p>Diesmal wurde in der Stadtwerkstatt so richtig eingeheizt.&nbsp;HIGH SEASION, DELICIOUZ CREW, SKILL UND SPECIAL GUEST BEATBOX JOKER (Ger) erlaubten keinem ruhig stehen zu bleiben. Es war eine gro\u00dfartige Party bis in die fr\u00fchen Morgenstunden. Danke an alle, die dabei waren und sich tanzend f\u00fcr HIV-positive Menschen in Kenia einsetzten. Ein besonderer Dank auch an alle freiwilligen Helfer. Ohne euch, w\u00e4r&#8217;s &nbsp;nicht m\u00f6glich gewesen.<\/p>\n<p>Fotos zum Event gibts auf unserer <a title=\"Solibash-fotos\" href=\"http:\/\/www.facebook.com\/media\/set\/?set=a.505992746091366.121265.160676943956283&amp;type=3\" target=\"_blank\">FB-Page<\/a><\/p>\n","protected":false},"excerpt":{"rendered":"<p>Daraja &#8211; Die Br\u00fccke ist ein unabh\u00e4ngiger, gemeinn\u00fctziger und ehrenamtlich t\u00e4tiger Verein, der sich aus einer StudentInnengruppe der Fachhochschule Linz f\u00fcr Soziale Arbeit entwickelt hat.Seit 2011 bin ich im Vereinsvorstand als Grafikerin in der \u00d6ffentlichkeitsarbeit t\u00e4tig. Da sich unser Verein zu einem bedeutenden&nbsp;Teil \u00fcber Spenden finanziert ist eine wirksame \u00d6ffentlichkeit &hellip; <a href=\"https:\/\/www.helenekletzl.at\/?page_id=191\">Continue reading <span class=\"meta-nav\">&rarr;<\/span><\/a><\/p>\n","protected":false},"author":1,"featured_media":0,"parent":0,"menu_order":0,"comment_status":"closed","ping_status":"closed","template":"","meta":{"ngg_post_thumbnail":0},"_links":{"self":[{"href":"https:\/\/www.helenekletzl.at\/index.php?rest_route=\/wp\/v2\/pages\/191"}],"collection":[{"href":"https:\/\/www.helenekletzl.at\/index.php?rest_route=\/wp\/v2\/pages"}],"about":[{"href":"https:\/\/www.helenekletzl.at\/index.php?rest_route=\/wp\/v2\/types\/page"}],"author":[{"embeddable":true,"href":"https:\/\/www.helenekletzl.at\/index.php?rest_route=\/wp\/v2\/users\/1"}],"replies":[{"embeddable":true,"href":"https:\/\/www.helenekletzl.at\/index.php?rest_route=%2Fwp%2Fv2%2Fcomments&post=191"}],"version-history":[{"count":34,"href":"https:\/\/www.helenekletzl.at\/index.php?rest_route=\/wp\/v2\/pages\/191\/revisions"}],"predecessor-version":[{"id":636,"href":"https:\/\/www.helenekletzl.at\/index.php?rest_route=\/wp\/v2\/pages\/191\/revisions\/636"}],"wp:attachment":[{"href":"https:\/\/www.helenekletzl.at\/index.php?rest_route=%2Fwp%2Fv2%2Fmedia&parent=191"}],"curies":[{"name":"wp","href":"https:\/\/api.w.org\/{rel}","templated":true}]}}